{"id":7012,"date":"2020-04-03T13:30:14","date_gmt":"2020-04-03T10:30:14","guid":{"rendered":"http:\/\/www.rojomachines.com\/kotisivu\/"},"modified":"2022-01-28T13:02:06","modified_gmt":"2022-01-28T11:02:06","slug":"kotisivu","status":"publish","type":"page","link":"https:\/\/www.rojomachines.com\/fi\/","title":{"rendered":"Kotisivu"},"content":{"rendered":"<div class=\"wpb-content-wrapper\"><p>[vc_row full_height=&#8221;yes&#8221; font_color=&#8221;#000000&#8243; css=&#8221;.vc_custom_1445284113868{background-image: url(https:\/\/www.rojomachines.com\/\/wp-content\/uploads\/2015\/10\/Cover.jpg?id=1771) !important;background-position: center !important;background-repeat: no-repeat !important;background-size: cover !important;}&#8221;][vc_column el_class=&#8221;hero-content&#8221;][vc_column_text el_class=&#8221;hero-content&#8221;]<\/p>\n<h3 style=\"text-align: center;\"><img loading=\"lazy\" decoding=\"async\" class=\"aligncenter wp-image-911 size-medium\" src=\"https:\/\/www.rojomachines.com\/wp-content\/uploads\/2015\/10\/rogo_logo_large-300x300.png\" alt=\"\" width=\"300\" height=\"300\" srcset=\"https:\/\/www.rojomachines.com\/wp-content\/uploads\/2015\/10\/rogo_logo_large-300x300.png 300w, https:\/\/www.rojomachines.com\/wp-content\/uploads\/2015\/10\/rogo_logo_large-100x100.png 100w, https:\/\/www.rojomachines.com\/wp-content\/uploads\/2015\/10\/rogo_logo_large-150x150.png 150w, https:\/\/www.rojomachines.com\/wp-content\/uploads\/2015\/10\/rogo_logo_large.png 400w\" sizes=\"auto, (max-width: 300px) 100vw, 300px\" \/><\/h3>\n<h3 class=\"hero-content\" style=\"text-align: center;\">Teollisuuden huippuosaamista<\/h3>\n<h1 class=\"hero-content\" style=\"text-align: center;\">Tehokkaita, kest\u00e4vi\u00e4 tasosekoittimia ammattik\u00e4ytt\u00f6\u00f6n<\/h1>\n<p style=\"text-align: center;\">ROJO-tasosekoittimet ovat eritt\u00e4in kest\u00e4vi\u00e4 sekoittimia teolliseen k\u00e4ytt\u00f6\u00f6n ja niiden k\u00e4ytt\u00f6mahdollisuudet ovat rajattomia. Sekoittimiamme k\u00e4ytet\u00e4\u00e4n betonien, laastien ja tulenkest\u00e4vien massojen sekoittamiseen, mutta my\u00f6s esimerkiksi kumij\u00e4tteiden, tuhkan ja lannoitteiden sekoittamiseen.<\/p>\n<p style=\"text-align: center;\"><a href=\"https:\/\/www.rojomachines.com\/wp-content\/uploads\/2020\/01\/Bisnode-DnB-riskiluokka-1-logo-2020-transparent.png\"><img loading=\"lazy\" decoding=\"async\" class=\"alignnone wp-image-6901 size-medium\" src=\"https:\/\/www.rojomachines.com\/wp-content\/uploads\/2020\/01\/Bisnode-DnB-riskiluokka-1-logo-2020-transparent-254x300.png\" alt=\"\" width=\"254\" height=\"300\" srcset=\"https:\/\/www.rojomachines.com\/wp-content\/uploads\/2020\/01\/Bisnode-DnB-riskiluokka-1-logo-2020-transparent-254x300.png 254w, https:\/\/www.rojomachines.com\/wp-content\/uploads\/2020\/01\/Bisnode-DnB-riskiluokka-1-logo-2020-transparent.png 500w\" sizes=\"auto, (max-width: 254px) 100vw, 254px\" \/><\/a><\/p>\n<p>[\/vc_column_text][\/vc_column][\/vc_row][vc_row font_color=&#8221;#000000&#8243; css=&#8221;.vc_custom_1445285166887{padding-top: 50px !important;padding-right: 5% !important;padding-bottom: 25px !important;padding-left: 5% !important;}&#8221;][vc_column]<div class=\"row\"><div class=\"categories_grid\">\r\n\t\t\t<div class=\"category_four_cat_1\">\r\n\t\t\t\t<div class=\"category_grid_box\">\r\n\t\t\t\t\t<span class=\"category_item_bkg\" style=\"background-image:url(https:\/\/www.rojomachines.com\/wp-content\/uploads\/2015\/10\/Kaikki-myllyt.jpg)\"><\/span>\r\n\t\t\t\t\t<a href=\"https:\/\/www.rojomachines.com\/fi\/tuote-kategoriat\/lc-mallit\/\" class=\"category_item\" >\r\n\t\t\t\t\t\t<span class=\"category_name\">LC Mallit\t\t\t\t\t\t\t\t\t\t\t\t\t<\/span>\r\n\t\t\t\t\t<\/a>\r\n\t\t\t\t<\/div>\r\n\t\t\t<\/div>\r\n\r\n\t\t\t\r\n\t\t\t<div class=\"category_four_cat_2\">\r\n\t\t\t\t<div class=\"category_grid_box\">\r\n\t\t\t\t\t<span class=\"category_item_bkg\" style=\"background-image:url(https:\/\/www.rojomachines.com\/wp-content\/uploads\/2016\/09\/Rakennusmyllyt.jpg)\"><\/span>\r\n\t\t\t\t\t<a href=\"https:\/\/www.rojomachines.com\/fi\/tuote-kategoriat\/rakennusmallit-fi\/\" class=\"category_item\" >\r\n\t\t\t\t\t\t<span class=\"category_name\">Rakennusmallit\t\t\t\t\t\t\t\t\t\t\t\t\t<\/span>\r\n\t\t\t\t\t<\/a>\r\n\t\t\t\t<\/div>\r\n\t\t\t<\/div>\r\n\r\n\t\t\t\r\n\t\t\t<div class=\"category_four_cat_3\">\r\n\t\t\t\t<div class=\"category_grid_box\">\r\n\t\t\t\t\t<span class=\"category_item_bkg\" style=\"background-image:url(https:\/\/www.rojomachines.com\/wp-content\/uploads\/2015\/10\/Varaosat.jpg)\"><\/span>\r\n\t\t\t\t\t<a href=\"https:\/\/www.rojomachines.com\/fi\/tuote-kategoriat\/varaosat\/\" class=\"category_item\" >\r\n\t\t\t\t\t\t<span class=\"category_name\">Varaosat\t\t\t\t\t\t\t\t\t\t\t\t\t<\/span>\r\n\t\t\t\t\t<\/a>\r\n\t\t\t\t<\/div>\r\n\t\t\t<\/div>\r\n\r\n\t\t\t\r\n\t\t\t<div class=\"category_four_cat_4\">\r\n\t\t\t\t<div class=\"category_grid_box\">\r\n\t\t\t\t\t<span class=\"category_item_bkg\" style=\"background-image:url(https:\/\/www.rojomachines.com\/wp-content\/uploads\/2019\/09\/Kuva-5.jpg)\"><\/span>\r\n\t\t\t\t\t<a href=\"https:\/\/www.rojomachines.com\/fi\/tuote-kategoriat\/sekoitusasemat-ja-siilot\/\" class=\"category_item\" >\r\n\t\t\t\t\t\t<span class=\"category_name\">Sekoitusasemat ja Siilot\t\t\t\t\t\t\t\t\t\t\t\t\t<\/span>\r\n\t\t\t\t\t<\/a>\r\n\t\t\t\t<\/div>\r\n\t\t\t<\/div>\r\n\r\n\t\t\t\r\n\t\t\t<div class=\"clearfix\"><\/div>\r\n\r\n\t\t<\/div><\/div>[\/vc_column][\/vc_row][vc_row][vc_column][vc_empty_space height=&#8221;60px&#8221;][\/vc_column][\/vc_row][vc_row content_placement=&#8221;middle&#8221; columns_height=&#8221;adjust_cols_height&#8221; font_color=&#8221;#000000&#8243;][vc_column css_animation=&#8221;fadeInLeft&#8221; width=&#8221;2\/3&#8243;][vc_single_image image=&#8221;461&#8243; img_size=&#8221;full&#8221; css=&#8221;.vc_custom_1567593177989{border-radius: 3px !important;}&#8221;][\/vc_column][vc_column width=&#8221;1\/3&#8243;][vc_empty_space][vc_custom_heading text=&#8221;Miksi valita meid\u00e4n sekoittimet?&#8221; font_container=&#8221;tag:h2|text_align:center&#8221;][vc_empty_space][vc_column_text css=&#8221;.vc_custom_1454072729383{padding-right: 20% !important;padding-left: 20% !important;}&#8221;]<br \/>\nRojo-sekoittimia on myyty jo vuosikymmenien ajan, ja niiden on aina tiedetty olevan eritt\u00e4in luotettavia ja laadukkaita. Saat sekoittimillamme aina perusteellisen ja tasaisen sekoitustuloksen.<\/p>\n<p><span class=\"tlid-translation translation\" lang=\"fi\" tabindex=\"-1\"><span class=\"\" title=\"\">Mielest\u00e4mme asiakas on aina ensisijainen, joten yrit\u00e4mme r\u00e4\u00e4t\u00e4l\u00f6id\u00e4 sekoittimet t\u00e4ydellisesti asiakkaidemme tarpeisiin.<\/span><\/span><\/p>\n<p>[\/vc_column_text][vc_empty_space][vc_btn title=&#8221;Lis\u00e4tietoja meist\u00e4&#8221; shape=&#8221;square&#8221; align=&#8221;center&#8221; link=&#8221;url:http%3A%2F%2Fwww.rojomachines.com%2Ffi%2Flisatietoja-meista%2F|&#8221;][\/vc_column][\/vc_row]<\/p>\n<\/div>","protected":false},"excerpt":{"rendered":"<p>[vc_row full_height=&#8221;yes&#8221; font_color=&#8221;#000000&#8243; css=&#8221;.vc_custom_1445284113868{background-image: url(https:\/\/www.rojomachines.com\/\/wp-content\/uploads\/2015\/10\/Cover.jpg?id=1771) !important;background-position: center !important;background-repeat: no-repeat !important;background-size: cover !important;}&#8221;][vc_column el_class=&#8221;hero-content&#8221;][vc_column_text el_class=&#8221;hero-content&#8221;] Teollisuuden huippuosaamista Tehokkaita, kest\u00e4vi\u00e4 tasosekoittimia ammattik\u00e4ytt\u00f6\u00f6n ROJO-tasosekoittimet ovat eritt\u00e4in kest\u00e4vi\u00e4 sekoittimia teolliseen k\u00e4ytt\u00f6\u00f6n ja niiden k\u00e4ytt\u00f6mahdollisuudet ovat rajattomia. Sekoittimiamme k\u00e4ytet\u00e4\u00e4n betonien, laastien ja tulenkest\u00e4vien massojen sekoittamiseen, mutta my\u00f6s esimerkiksi kumij\u00e4tteiden, tuhkan ja lannoitteiden sekoittamiseen. [\/vc_column_text][\/vc_column][\/vc_row][vc_row font_color=&#8221;#000000&#8243; css=&#8221;.vc_custom_1445285166887{padding-top: 50px !important;padding-right: 5% !important;padding-bottom: [&hellip;]<\/p>\n","protected":false},"author":1,"featured_media":0,"parent":0,"menu_order":27,"comment_status":"closed","ping_status":"open","template":"page-full-width.php","meta":{"footnotes":""},"class_list":["post-7012","page","type-page","status-publish","hentry"],"_links":{"self":[{"href":"https:\/\/www.rojomachines.com\/fi\/wp-json\/wp\/v2\/pages\/7012","targetHints":{"allow":["GET"]}}],"collection":[{"href":"https:\/\/www.rojomachines.com\/fi\/wp-json\/wp\/v2\/pages"}],"about":[{"href":"https:\/\/www.rojomachines.com\/fi\/wp-json\/wp\/v2\/types\/page"}],"author":[{"embeddable":true,"href":"https:\/\/www.rojomachines.com\/fi\/wp-json\/wp\/v2\/users\/1"}],"replies":[{"embeddable":true,"href":"https:\/\/www.rojomachines.com\/fi\/wp-json\/wp\/v2\/comments?post=7012"}],"version-history":[{"count":13,"href":"https:\/\/www.rojomachines.com\/fi\/wp-json\/wp\/v2\/pages\/7012\/revisions"}],"predecessor-version":[{"id":7214,"href":"https:\/\/www.rojomachines.com\/fi\/wp-json\/wp\/v2\/pages\/7012\/revisions\/7214"}],"wp:attachment":[{"href":"https:\/\/www.rojomachines.com\/fi\/wp-json\/wp\/v2\/media?parent=7012"}],"curies":[{"name":"wp","href":"https:\/\/api.w.org\/{rel}","templated":true}]}}