{"id":7017,"date":"2020-04-03T15:36:29","date_gmt":"2020-04-03T12:36:29","guid":{"rendered":"http:\/\/www.rojomachines.com\/lisalaitteet-ja-ominaisuudet\/"},"modified":"2024-05-08T12:54:32","modified_gmt":"2024-05-08T09:54:32","slug":"lisalaitteet-ja-ominaisuudet","status":"publish","type":"page","link":"https:\/\/www.rojomachines.com\/fi\/lisalaitteet-ja-ominaisuudet\/","title":{"rendered":"Lis\u00e4laitteet ja ominaisuudet"},"content":{"rendered":"<div class=\"wpb-content-wrapper\"><p>[vc_row][vc_column][vc_separator][\/vc_column][\/vc_row][vc_row][vc_column][vc_column_text css_animation=&#8221;lightSpeedIn&#8221;]<\/p>\n<h3>T\u00e4lt\u00e4 sivulta l\u00f6yd\u00e4t meid\u00e4n sekoittimien lis\u00e4laitteet. Kun pyyd\u00e4t tarjousta sekoittimesta kysy rohkeasti lis\u00e4tietoja lis\u00e4laitteista.<\/h3>\n<p>[\/vc_column_text][\/vc_column][\/vc_row][vc_row][vc_column][vc_separator][\/vc_column][\/vc_row][vc_row][vc_column width=&#8221;1\/2&#8243;][vc_empty_space][vc_column_text css=&#8221;.vc_custom_1715161552234{padding-right: 20% !important;padding-left: 20% !important;}&#8221;]<\/p>\n<h2>\u00c4mp\u00e4rihylly<\/h2>\n<p>[\/vc_column_text][vc_empty_space][vc_column_text css=&#8221;.vc_custom_1715161539856{padding-right: 20% !important;padding-left: 20% !important;}&#8221;]Kiinnityspisteet sekoittimen rungossa helppoa kuljetusta varten.[\/vc_column_text][vc_empty_space][\/vc_column][vc_column width=&#8221;1\/2&#8243;][vc_gallery type=&#8221;image_grid&#8221; images=&#8221;7262,7266,7258&#8243; img_size=&#8221;medium&#8221; onclick=&#8221;&#8221;][\/vc_column][\/vc_row][vc_row][vc_column][vc_separator][\/vc_column][\/vc_row][vc_row font_color=&#8221;#000000&#8243;][vc_column width=&#8221;1\/2&#8243;][vc_empty_space][vc_column_text css=&#8221;.vc_custom_1598856572767{padding-right: 20% !important;padding-left: 20% !important;}&#8221;]<\/p>\n<h2>Lasikuitukansi<\/h2>\n<p>[\/vc_column_text][vc_empty_space][vc_column_text css=&#8221;.vc_custom_1598856544535{padding-right: 20% !important;padding-left: 20% !important;}&#8221;]Suurimmat sekoittimet voidaan toimittaa lasikuitukansilla. Lasikuitu on kest\u00e4v\u00e4\u00e4 mutta samalla my\u00f6s helposti muokattavissa. Tavallisessa suuren sekoittimen lasikuitukannessa on oletuksena yksi s\u00e4kkileikkuri, yksi sy\u00f6tt\u00f6aukko ja yksi tarkastusluukku. Lasikuitukansi toimii my\u00f6s erinomaisesti p\u00f6lyn estoon ja oikeilla valinnoilla sekoittimesta saadaan l\u00e4hes p\u00f6lyt\u00f6n.[\/vc_column_text][vc_empty_space][\/vc_column][vc_column width=&#8221;1\/2&#8243;][vc_single_image image=&#8221;6376&#8243; img_size=&#8221;medium&#8221;][\/vc_column][\/vc_row][vc_row][vc_column][vc_separator][\/vc_column][\/vc_row][vc_row font_color=&#8221;#000000&#8243;][vc_column width=&#8221;1\/2&#8243;][vc_empty_space][vc_column_text css=&#8221;.vc_custom_1454417738171{padding-right: 20% !important;padding-left: 20% !important;}&#8221;]<\/p>\n<h2>Metallinen verkkokansi<\/h2>\n<p>[\/vc_column_text][vc_empty_space][vc_column_text css=&#8221;.vc_custom_1454418748940{padding-right: 20% !important;padding-left: 20% !important;}&#8221;]Jos sekoituksen koostumus tarvitsee kokoaikaista valvontaa on metallinen verkkokansi paras ratkaisu. Metallinen verkkokansi on valmistettu vahvasta ja paksusta verkosta ja samalla painettu kuperaan muotoon. T\u00e4ll\u00e4 tavalla kannelle saadaan erinomainen kest\u00e4vyys eik\u00e4 se painu kasaan edes suurien painojen alla.[\/vc_column_text][vc_empty_space][\/vc_column][vc_column width=&#8221;1\/2&#8243;][vc_single_image image=&#8221;6382&#8243; img_size=&#8221;medium&#8221;][\/vc_column][\/vc_row][vc_row][vc_column][vc_separator][\/vc_column][\/vc_row][vc_row][vc_column width=&#8221;1\/2&#8243;][vc_empty_space][vc_column_text css=&#8221;.vc_custom_1454420431809{padding-right: 20% !important;padding-left: 20% !important;}&#8221;]<\/p>\n<h2>Metallinen kansi<\/h2>\n<p>[\/vc_column_text][vc_empty_space][vc_column_text css=&#8221;.vc_custom_1454420447530{padding-right: 20% !important;padding-left: 20% !important;}&#8221;]Teemme tilauksesta my\u00f6s kokonaan metallisia kansia, jotka sopivat hyvin sekoitusasema k\u00e4ytt\u00f6\u00f6n.[\/vc_column_text][\/vc_column][vc_column width=&#8221;1\/2&#8243;][vc_single_image image=&#8221;6386&#8243; img_size=&#8221;medium&#8221;][\/vc_column][\/vc_row][vc_row][vc_column][vc_separator][\/vc_column][\/vc_row][vc_row][vc_column width=&#8221;1\/2&#8243;][vc_empty_space][vc_column_text css=&#8221;.vc_custom_1454420388178{padding-right: 20% !important;padding-left: 20% !important;}&#8221;]<\/p>\n<h2>Hydraulinen luukku<\/h2>\n<p>[\/vc_column_text][vc_empty_space][vc_column_text css=&#8221;.vc_custom_1454420218030{padding-right: 20% !important;padding-left: 20% !important;}&#8221;]Jokaiseen suureen sekoittimeen voidaan asentaa hydraulinen luukku, joka nopeuttaa ja helpoittaa sen tyhjent\u00e4mist\u00e4. Hydraulij\u00e4rjestelm\u00e4\u00e4n kuuluu painesylinteri, letkut ja k\u00e4ytt\u00f6liittym\u00e4.[\/vc_column_text][\/vc_column][vc_column width=&#8221;1\/2&#8243;][vc_single_image image=&#8221;6378&#8243; img_size=&#8221;medium&#8221;][\/vc_column][\/vc_row][vc_row][vc_column][vc_separator][\/vc_column][\/vc_row][vc_row][vc_column width=&#8221;1\/2&#8243;][vc_empty_space][vc_column_text css=&#8221;.vc_custom_1454480324820{padding-right: 20% !important;padding-left: 20% !important;}&#8221;]<\/p>\n<h2>Kulutusta kest\u00e4v\u00e4t lavat<\/h2>\n<p>[\/vc_column_text][vc_empty_space][vc_column_text css=&#8221;.vc_custom_1454480552454{padding-right: 20% !important;padding-left: 20% !important;}&#8221;]Sekoittaessa raskaita tulenkest\u00e4vi\u00e4 massoja, sekoittimen lavat ovat kovassa kulutuksessa. Kulutuskest\u00e4vyytt\u00e4 voidaan lis\u00e4t\u00e4 asentamalla sekoittimeen kest\u00e4v\u00e4mm\u00e4t lavat. My\u00f6s normaaleja lapoja voidaan parantaa lis\u00e4\u00e4m\u00e4ll\u00e4 niihin kulutusta kest\u00e4v\u00e4 ter\u00e4sreuna.<\/p>\n<p>My\u00f6s sekoitusasemien sekoittimet hy\u00f6tyv\u00e4t lapojen kovemmasta materiaalista.[\/vc_column_text][\/vc_column][vc_column width=&#8221;1\/2&#8243;][vc_single_image image=&#8221;6343&#8243; img_size=&#8221;medium&#8221;][\/vc_column][\/vc_row][vc_row][vc_column][vc_separator][\/vc_column][\/vc_row][vc_row][vc_column width=&#8221;1\/2&#8243;][vc_empty_space][vc_column_text css=&#8221;.vc_custom_1454480447646{padding-right: 20% !important;padding-left: 20% !important;}&#8221;]<\/p>\n<h2>Automaattinen vedenannostelija<\/h2>\n<p>[\/vc_column_text][vc_empty_space][vc_column_text css=&#8221;.vc_custom_1454480542503{padding-right: 20% !important;padding-left: 20% !important;}&#8221;]Automaattinen vedenannostelu on lis\u00e4laite, joka annostelee oikean vesim\u00e4\u00e4r\u00e4n vain yhdell\u00e4 napin painalluksella. Annostelijalla jokaiseen er\u00e4\u00e4n menee aina sama m\u00e4\u00e4r\u00e4 vett\u00e4. Eritt\u00e4in helppo k\u00e4ytt\u00e4\u00e4 ja kalibroida.[\/vc_column_text][\/vc_column][vc_column width=&#8221;1\/2&#8243;][vc_single_image image=&#8221;6388&#8243; img_size=&#8221;medium&#8221;][\/vc_column][\/vc_row][vc_row][vc_column][vc_separator][\/vc_column][\/vc_row][vc_row][vc_column width=&#8221;1\/2&#8243;][vc_empty_space][vc_column_text css=&#8221;.vc_custom_1454480657319{padding-right: 20% !important;padding-left: 20% !important;}&#8221;]<\/p>\n<h2>P\u00f6lyn hallinta<\/h2>\n<p>[\/vc_column_text][vc_empty_space][vc_column_text css=&#8221;.vc_custom_1454480682146{padding-right: 20% !important;padding-left: 20% !important;}&#8221;]Kun sekoitin on sis\u00e4tiloissa tulee p\u00f6lyntuotosta helposti ongelma. Kaikkiin sekoittimiin voidaan asentaa p\u00f6lynker\u00e4ysj\u00e4rjestelm\u00e4.[\/vc_column_text][\/vc_column][vc_column width=&#8221;1\/2&#8243;][vc_single_image image=&#8221;6374&#8243; img_size=&#8221;medium&#8221;][\/vc_column][\/vc_row][vc_row][vc_column][vc_separator][\/vc_column][\/vc_row][vc_row][vc_column width=&#8221;1\/2&#8243;][vc_empty_space][vc_column_text css=&#8221;.vc_custom_1454481760548{padding-right: 20% !important;padding-left: 20% !important;}&#8221;]<\/p>\n<h2>V\u00e4rivaihtoehdot<\/h2>\n<p>[\/vc_column_text][vc_empty_space][vc_column_text css=&#8221;.vc_custom_1715161429406{padding-right: 20% !important;padding-left: 20% !important;}&#8221;]Saat meilt\u00e4 sekoittimet my\u00f6s erikoisv\u00e4reill\u00e4.[\/vc_column_text][vc_empty_space][\/vc_column][vc_column width=&#8221;1\/2&#8243;][vc_single_image image=&#8221;6372&#8243; img_size=&#8221;medium&#8221;][\/vc_column][\/vc_row][vc_row][vc_column][vc_separator][\/vc_column][\/vc_row][vc_row][vc_column width=&#8221;1\/2&#8243;][vc_empty_space][vc_column_text css=&#8221;.vc_custom_1454480996487{padding-right: 20% !important;padding-left: 20% !important;}&#8221;]<\/p>\n<h2>Ruostumaton ter\u00e4s<\/h2>\n<p>[\/vc_column_text][vc_empty_space][vc_column_text css=&#8221;.vc_custom_1454481015403{padding-right: 20% !important;padding-left: 20% !important;}&#8221;]Valmistamme sekoittimia my\u00f6s ruostumattomasta ter\u00e4ksest\u00e4.[\/vc_column_text][vc_empty_space][\/vc_column][vc_column width=&#8221;1\/2&#8243;][vc_single_image image=&#8221;6384&#8243; img_size=&#8221;medium&#8221;][\/vc_column][\/vc_row][vc_row][vc_column][vc_separator][\/vc_column][\/vc_row][vc_row][vc_column width=&#8221;1\/2&#8243;][vc_empty_space][vc_column_text css=&#8221;.vc_custom_1715161845171{padding-right: 20% !important;padding-left: 20% !important;}&#8221;]<\/p>\n<h2>Trukkipalkit<\/h2>\n<p>[\/vc_column_text][vc_empty_space][vc_column_text css=&#8221;.vc_custom_1715161856018{padding-right: 20% !important;padding-left: 20% !important;}&#8221;]Trukkipalkit voidaan lis\u00e4t\u00e4 py\u00f6re\u00e4 runkoisiin Rojo sekoittimiin.[\/vc_column_text][vc_empty_space][\/vc_column][vc_column width=&#8221;1\/2&#8243;][vc_single_image image=&#8221;7262&#8243; img_size=&#8221;medium&#8221;][\/vc_column][\/vc_row]<\/p>\n<\/div>","protected":false},"excerpt":{"rendered":"<p>[vc_row][vc_column][vc_separator][\/vc_column][\/vc_row][vc_row][vc_column][vc_column_text css_animation=&#8221;lightSpeedIn&#8221;] T\u00e4lt\u00e4 sivulta l\u00f6yd\u00e4t meid\u00e4n sekoittimien lis\u00e4laitteet. Kun pyyd\u00e4t tarjousta sekoittimesta kysy rohkeasti lis\u00e4tietoja lis\u00e4laitteista. [\/vc_column_text][\/vc_column][\/vc_row][vc_row][vc_column][vc_separator][\/vc_column][\/vc_row][vc_row][vc_column width=&#8221;1\/2&#8243;][vc_empty_space][vc_column_text css=&#8221;.vc_custom_1715161552234{padding-right: 20% !important;padding-left: 20% !important;}&#8221;] \u00c4mp\u00e4rihylly [\/vc_column_text][vc_empty_space][vc_column_text css=&#8221;.vc_custom_1715161539856{padding-right: 20% !important;padding-left: 20% !important;}&#8221;]Kiinnityspisteet sekoittimen rungossa helppoa kuljetusta varten.[\/vc_column_text][vc_empty_space][\/vc_column][vc_column width=&#8221;1\/2&#8243;][vc_gallery type=&#8221;image_grid&#8221; images=&#8221;7262,7266,7258&#8243; img_size=&#8221;medium&#8221; onclick=&#8221;&#8221;][\/vc_column][\/vc_row][vc_row][vc_column][vc_separator][\/vc_column][\/vc_row][vc_row font_color=&#8221;#000000&#8243;][vc_column width=&#8221;1\/2&#8243;][vc_empty_space][vc_column_text css=&#8221;.vc_custom_1598856572767{padding-right: 20% !important;padding-left: 20% !important;}&#8221;] Lasikuitukansi [\/vc_column_text][vc_empty_space][vc_column_text css=&#8221;.vc_custom_1598856544535{padding-right: 20% !important;padding-left: 20% !important;}&#8221;]Suurimmat sekoittimet [&hellip;]<\/p>\n","protected":false},"author":11,"featured_media":0,"parent":0,"menu_order":30,"comment_status":"closed","ping_status":"closed","template":"","meta":{"footnotes":""},"class_list":["post-7017","page","type-page","status-publish","hentry"],"_links":{"self":[{"href":"https:\/\/www.rojomachines.com\/fi\/wp-json\/wp\/v2\/pages\/7017","targetHints":{"allow":["GET"]}}],"collection":[{"href":"https:\/\/www.rojomachines.com\/fi\/wp-json\/wp\/v2\/pages"}],"about":[{"href":"https:\/\/www.rojomachines.com\/fi\/wp-json\/wp\/v2\/types\/page"}],"author":[{"embeddable":true,"href":"https:\/\/www.rojomachines.com\/fi\/wp-json\/wp\/v2\/users\/11"}],"replies":[{"embeddable":true,"href":"https:\/\/www.rojomachines.com\/fi\/wp-json\/wp\/v2\/comments?post=7017"}],"version-history":[{"count":8,"href":"https:\/\/www.rojomachines.com\/fi\/wp-json\/wp\/v2\/pages\/7017\/revisions"}],"predecessor-version":[{"id":7272,"href":"https:\/\/www.rojomachines.com\/fi\/wp-json\/wp\/v2\/pages\/7017\/revisions\/7272"}],"wp:attachment":[{"href":"https:\/\/www.rojomachines.com\/fi\/wp-json\/wp\/v2\/media?parent=7017"}],"curies":[{"name":"wp","href":"https:\/\/api.w.org\/{rel}","templated":true}]}}