{"id":7021,"date":"2020-04-06T08:36:46","date_gmt":"2020-04-06T05:36:46","guid":{"rendered":"http:\/\/www.rojomachines.com\/lisatietoja-meista\/"},"modified":"2020-04-30T10:32:54","modified_gmt":"2020-04-30T07:32:54","slug":"lisatietoja-meista","status":"publish","type":"page","link":"https:\/\/www.rojomachines.com\/fi\/lisatietoja-meista\/","title":{"rendered":"Lis\u00e4tietoja meist\u00e4"},"content":{"rendered":"<div class=\"wpb-content-wrapper\"><p>[vc_row][vc_column width=&#8221;2\/3&#8243;][vc_custom_heading text=&#8221;Yrityksen historia&#8221; google_fonts=&#8221;font_family:Montserrat%3Aregular%2C700|font_style:400%20regular%3A400%3Anormal&#8221;][vc_empty_space][vc_column_text]<span class=\"tlid-translation translation\" lang=\"fi\">Rojo-sekoittimien historia juontaa juurensa Ruotsiin ja 1940-luvun alkuun. Rojo-sekoittimen keksi yritys AB Byggf\u00f6rb\u00e4ttring Tukholmassa. Yrityst\u00e4 johtivat insin\u00f6\u00f6ri ja keksij\u00e4 Emrik Lindman. Ensimm\u00e4isi\u00e4 malleja kutsuttiin yksinkertaisesti Rojo 1, 2 ja 3 koon ja sekoituskapasiteetin mukaan. Nimi ROJO tulee sekoittimen suunnittelijan Roland Johanssonin (RoJo) nimen kahdesta ensimm\u00e4isest\u00e4 kirjaimesta.<\/span><\/p>\n<p><span class=\"tlid-translation translation\" lang=\"fi\">Rojo-sekoittimet tulivat nopeasti eritt\u00e4in suosituiksi sen yksinkertaisen mutta eritt\u00e4in kest\u00e4v\u00e4n suunnittelun ja minimaalisen huoltotarpeen takia. Sekoittimet varustettiin alusta alkaen kulutuslevyill\u00e4, mik\u00e4 oli siihen aikaan vallankumouksellista. Monet sekoittimen osat olivat vaihdettavissa mallien v\u00e4lill\u00e4, joten eri mallien rakentamiseen tarvittavien eri osien lukum\u00e4\u00e4r\u00e4 pidettiin minimaalisena.<\/span><\/p>\n<p><span class=\"tlid-translation translation\" lang=\"fi\">Ruotsin betoniteollisuudelle myytiin tuhansia sekoittimia 1940 &#8211; 1970-luvulla. Muutama tusina vientiin my\u00f6s Eurooppaan ja Kaukoit\u00e4\u00e4n.<\/span><\/p>\n<p><span class=\"tlid-translation translation\" lang=\"fi\">AB Byggf\u00f6rb\u00e4ttring myi sekoittimen valmistusliiketoiminnan Rojomaskiner AB: lle vuonna 1979. Rojomaskiner AB: t\u00e4 johti Arne Anderss\u00e9n ja h\u00e4nen poikansa. He valmistivat ja myiv\u00e4t sekoittimia rakennusteollisuudelle ja aloittivat erikoismallien kehitt\u00e4misen tulenkest\u00e4vien betonien sekoittamiseen.<\/span><\/p>\n<p><span class=\"tlid-translation translation\" lang=\"fi\">Refrak Oy osti Rojomaskiner AB: n vuonna 2004. Uuden liiketoimintayksik\u00f6n nimeksi tuli Rojo Machines Finland. Samalla siirsimme sekoittimien valmistuksen Kotkaan.<\/span><\/p>\n<p><span class=\"tlid-translation translation\" lang=\"fi\">Olemme edelleen kehitt\u00e4neet sekoitinmalleja ja keksineet uusia, jotka vastaavat asiakkaidemme tarpeita ymp\u00e4ri maailmaa. Pyrimme tekem\u00e4\u00e4n maailman parhaimpia sekoittimia, mutta samalla kunnioitamme my\u00f6s Rojo-sekoittimien keksij\u00f6iden ja rakentajien aikaisemmin laatimia laatustandardeja.<\/span><\/p>\n<p>[\/vc_column_text][\/vc_column][vc_column width=&#8221;1\/3&#8243;][vc_row_inner type=&#8221;boxed&#8221;][vc_column_inner][vc_single_image image=&#8221;4191&#8243; img_size=&#8221;large&#8221; style=&#8221;vc_box_rounded&#8221;][vc_column_text]Rojon mainoksia alkuajoilta.[\/vc_column_text][\/vc_column_inner][\/vc_row_inner][vc_separator][\/vc_column][vc_column][\/vc_column][\/vc_row][vc_row][vc_column width=&#8221;1\/3&#8243;][vc_row_inner][vc_column_inner][vc_single_image image=&#8221;6365&#8243; img_size=&#8221;large&#8221; style=&#8221;vc_box_rounded&#8221;][vc_column_text]Rojo 1000LC hydraulisella luukulla ja kannella. <span class=\"tlid-translation translation\" lang=\"fi\">Sekoitin on my\u00f6s varustettu taajuusmuuttajalla sekoituksen nopeuden s\u00e4\u00e4t\u00e4mist\u00e4 varten.<\/span>[\/vc_column_text][\/vc_column_inner][\/vc_row_inner][\/vc_column][vc_column width=&#8221;2\/3&#8243;][vc_custom_heading text=&#8221;Rojo Machines Finland nykyisin&#8221; google_fonts=&#8221;font_family:Montserrat%3Aregular%2C700|font_style:400%20regular%3A400%3Anormal&#8221;][vc_empty_space][vc_column_text]Olemme innovatiivinen yritys ja painopisteemme on parhaan mahdollisen palvelun tarjoaminen asiakkaillemme mahdollisimman nopealla aikataululla. Nykyp\u00e4iv\u00e4n\u00e4 rakennushankkeet tehd\u00e4\u00e4n tiukalla aikataululla, eiv\u00e4tk\u00e4 ne salli k\u00e4ytt\u00f6katkoksia koneiden rikkoutumisen tai varaosien pitk\u00e4n odotusajan takia.\u00a0 Pid\u00e4mme kaikkien sekoittimien varaosia varastossa, aina valmiina l\u00e4hetett\u00e4v\u00e4ksi. Mukaan lukien my\u00f6s vanhimmat mallit.<\/p>\n<p>Yrit\u00e4mme jatkuvasti parantaa asiakaspalveluamme ja kuunnella asiakaspalautteita ja ideoita. R\u00e4\u00e4t\u00e4l\u00f6ityjen ratkaisujen kysynt\u00e4 on saanut meid\u00e4t kehitt\u00e4m\u00e4\u00e4n uusia tuotteita, kuten ruuvikuljettimilla varustettuja siiloja, materiaalinsy\u00f6tt\u00f6- ja valmistusj\u00e4rjestelmi\u00e4, automaattista vedensy\u00f6tt\u00f6\u00e4, p\u00f6lynpoistoa ja paljon muuta. Haluamme onnistua jokaisessa projektissamme tehokkaasti ja t\u00e4ydellisesti.[\/vc_column_text][\/vc_column][\/vc_row]<\/p>\n<\/div>","protected":false},"excerpt":{"rendered":"<p>[vc_row][vc_column width=&#8221;2\/3&#8243;][vc_custom_heading text=&#8221;Yrityksen historia&#8221; google_fonts=&#8221;font_family:Montserrat%3Aregular%2C700|font_style:400%20regular%3A400%3Anormal&#8221;][vc_empty_space][vc_column_text]Rojo-sekoittimien historia juontaa juurensa Ruotsiin ja 1940-luvun alkuun. Rojo-sekoittimen keksi yritys AB Byggf\u00f6rb\u00e4ttring Tukholmassa. Yrityst\u00e4 johtivat insin\u00f6\u00f6ri ja keksij\u00e4 Emrik Lindman. Ensimm\u00e4isi\u00e4 malleja kutsuttiin yksinkertaisesti Rojo 1, 2 ja 3 koon ja sekoituskapasiteetin mukaan. Nimi ROJO tulee sekoittimen suunnittelijan Roland Johanssonin (RoJo) nimen kahdesta ensimm\u00e4isest\u00e4 kirjaimesta. Rojo-sekoittimet tulivat nopeasti eritt\u00e4in suosituiksi [&hellip;]<\/p>\n","protected":false},"author":11,"featured_media":0,"parent":0,"menu_order":32,"comment_status":"closed","ping_status":"closed","template":"","meta":{"footnotes":""},"class_list":["post-7021","page","type-page","status-publish","hentry"],"_links":{"self":[{"href":"https:\/\/www.rojomachines.com\/fi\/wp-json\/wp\/v2\/pages\/7021","targetHints":{"allow":["GET"]}}],"collection":[{"href":"https:\/\/www.rojomachines.com\/fi\/wp-json\/wp\/v2\/pages"}],"about":[{"href":"https:\/\/www.rojomachines.com\/fi\/wp-json\/wp\/v2\/types\/page"}],"author":[{"embeddable":true,"href":"https:\/\/www.rojomachines.com\/fi\/wp-json\/wp\/v2\/users\/11"}],"replies":[{"embeddable":true,"href":"https:\/\/www.rojomachines.com\/fi\/wp-json\/wp\/v2\/comments?post=7021"}],"version-history":[{"count":2,"href":"https:\/\/www.rojomachines.com\/fi\/wp-json\/wp\/v2\/pages\/7021\/revisions"}],"predecessor-version":[{"id":7097,"href":"https:\/\/www.rojomachines.com\/fi\/wp-json\/wp\/v2\/pages\/7021\/revisions\/7097"}],"wp:attachment":[{"href":"https:\/\/www.rojomachines.com\/fi\/wp-json\/wp\/v2\/media?parent=7021"}],"curies":[{"name":"wp","href":"https:\/\/api.w.org\/{rel}","templated":true}]}}