{"id":7025,"date":"2015-10-28T09:46:00","date_gmt":"2015-10-28T07:46:00","guid":{"rendered":"http:\/\/www.rojomachines.com\/product\/rojo-50-tm\/"},"modified":"2020-08-27T09:55:02","modified_gmt":"2020-08-27T06:55:02","slug":"rojo-50-tm","status":"publish","type":"product","link":"https:\/\/www.rojomachines.com\/fi\/tuote\/rojo-50-tm\/","title":{"rendered":"ROJO 50 TM"},"content":{"rendered":"","protected":false},"excerpt":{"rendered":"<p>ROJO 50 TM on kevytrakenteinen mutta kest\u00e4\u00e4 silti hyvin k\u00e4ytt\u00f6\u00e4. Sekoittimen runko ja allas ovat helposti vaihdettavissa. Liikuteltavuus, vankka rakenne ja pieni huoltotarve on ainutlaatuinen yhdistelm\u00e4 verrattaessa muihin samanlaisiin sekoittimiin.<\/p>\n<p>&nbsp;<\/p>\n<p>Pyyd\u00e4 tarjous tai kysy lis\u00e4tietoja: <a href=\"mailto:info@rojomachines.com\">info@rojomachines.com<\/a><\/p>\n<p>&nbsp;<\/p>\n<p><a href=\"http:\/\/www.rojomachines.com\/wp-content\/uploads\/2020\/01\/ROJO-50-TM-ENG.pdf\">Esite<\/a><\/p>\n<p><a href=\"http:\/\/www.rojomachines.com\/fi\/tuote\/rojo-50-tm-varaosat\/\" target=\"_blank\" rel=\"noopener noreferrer\">Varaosat<\/a><\/p>\n<p><a href=\"http:\/\/www.rojomachines.com\/\/wp-content\/uploads\/2015\/10\/Rojo-50TM-Mixer-Parts-compl.pdf\" target=\"_blank\" rel=\"noopener noreferrer\">R\u00e4j\u00e4ytyskuva<\/a><\/p>\n<p>&nbsp;<\/p>\n","protected":false},"featured_media":5251,"template":"","meta":[],"product_brand":[],"product_cat":[661],"product_tag":[],"class_list":{"0":"post-7025","1":"product","2":"type-product","3":"status-publish","4":"has-post-thumbnail","6":"product_cat-rakennusmallit-fi","8":"first","9":"instock","10":"shipping-taxable","11":"product-type-simple"},"_links":{"self":[{"href":"https:\/\/www.rojomachines.com\/fi\/wp-json\/wp\/v2\/product\/7025","targetHints":{"allow":["GET"]}}],"collection":[{"href":"https:\/\/www.rojomachines.com\/fi\/wp-json\/wp\/v2\/product"}],"about":[{"href":"https:\/\/www.rojomachines.com\/fi\/wp-json\/wp\/v2\/types\/product"}],"wp:featuredmedia":[{"embeddable":true,"href":"https:\/\/www.rojomachines.com\/fi\/wp-json\/wp\/v2\/media\/5251"}],"wp:attachment":[{"href":"https:\/\/www.rojomachines.com\/fi\/wp-json\/wp\/v2\/media?parent=7025"}],"wp:term":[{"taxonomy":"product_brand","embeddable":true,"href":"https:\/\/www.rojomachines.com\/fi\/wp-json\/wp\/v2\/product_brand?post=7025"},{"taxonomy":"product_cat","embeddable":true,"href":"https:\/\/www.rojomachines.com\/fi\/wp-json\/wp\/v2\/product_cat?post=7025"},{"taxonomy":"product_tag","embeddable":true,"href":"https:\/\/www.rojomachines.com\/fi\/wp-json\/wp\/v2\/product_tag?post=7025"}],"curies":[{"name":"wp","href":"https:\/\/api.w.org\/{rel}","templated":true}]}}