{"id":7026,"date":"2015-10-28T10:53:14","date_gmt":"2015-10-28T08:53:14","guid":{"rendered":"http:\/\/www.rojomachines.com\/product\/rojo-130\/"},"modified":"2020-04-08T13:03:34","modified_gmt":"2020-04-08T10:03:34","slug":"rojo-130","status":"publish","type":"product","link":"https:\/\/www.rojomachines.com\/fi\/tuote\/rojo-130\/","title":{"rendered":"ROJO 130"},"content":{"rendered":"","protected":false},"excerpt":{"rendered":"<p><span class=\"tlid-translation translation\" lang=\"fi\"><span class=\"\" title=\"\">ROJO 130 -sekoitin on tarkoitettu laastin, betonin, maalijauheen, keinotekoisten lannoitteiden ja muiden vastaavien materiaalien sekoittamiseen.<\/span><\/span><\/p>\n<p>Vahvan rakenteensa ja sekoitusaltaan pohjassa ja sivuilla olevien vaihdettavien kulutuslevyjen ansiosta Rojo 130: lla on eritt\u00e4in pitk\u00e4 k\u00e4ytt\u00f6ik\u00e4. Lapojen muotoilu ja sopiva py\u00f6rimisnopeus sekoittavat massan eritt\u00e4in perusteellisesti. Tehokkuuden parantamiseksi, lavat ovat s\u00e4\u00e4dett\u00e4viss\u00e4 pystysuunnassa ja poikittain. Sillan s\u00e4\u00e4t\u00f6pultit on suojattu p\u00f6lysuojalla. Laikuitukansi on varustettu vesiletkuliitoksella, yhdell\u00e4 sy\u00f6tt\u00f6aukolla ja s\u00e4kkileikkurilla. Sy\u00f6tt\u00f6aukkoa voidaan k\u00e4ytt\u00e4\u00e4 esimerkiksi siilon yhteen\u00e4 tai p\u00f6lynpoiston imuaukkona.<\/p>\n<p><a href=\"http:\/\/www.rojomachines.com\/wp-content\/uploads\/2020\/04\/ROJO-130.pdf\">Esite<\/a><\/p>\n<p><a href=\"http:\/\/www.rojomachines.com\/fi\/tuote\/rojo-130-varaosat\/\" target=\"_blank\" rel=\"noopener noreferrer\">Varaosat<\/a><\/p>\n<p><a href=\"http:\/\/www.rojomachines.com\/\/wp-content\/uploads\/2015\/10\/Rojo-130LC-parts-comp1.pdf\" target=\"_blank\" rel=\"noopener noreferrer\">R\u00e4j\u00e4ytyskuva<\/a><\/p>\n<p>&nbsp;<\/p>\n<p>Pyyd\u00e4 tarjous: <a href=\"mailto:info@rojomachines.com\">info@rojomachines.com<\/a><\/p>\n","protected":false},"featured_media":3991,"template":"","meta":[],"product_brand":[],"product_cat":[661],"product_tag":[],"class_list":{"0":"post-7026","1":"product","2":"type-product","3":"status-publish","4":"has-post-thumbnail","6":"product_cat-rakennusmallit-fi","8":"first","9":"instock","10":"shipping-taxable","11":"product-type-simple"},"_links":{"self":[{"href":"https:\/\/www.rojomachines.com\/fi\/wp-json\/wp\/v2\/product\/7026","targetHints":{"allow":["GET"]}}],"collection":[{"href":"https:\/\/www.rojomachines.com\/fi\/wp-json\/wp\/v2\/product"}],"about":[{"href":"https:\/\/www.rojomachines.com\/fi\/wp-json\/wp\/v2\/types\/product"}],"wp:featuredmedia":[{"embeddable":true,"href":"https:\/\/www.rojomachines.com\/fi\/wp-json\/wp\/v2\/media\/3991"}],"wp:attachment":[{"href":"https:\/\/www.rojomachines.com\/fi\/wp-json\/wp\/v2\/media?parent=7026"}],"wp:term":[{"taxonomy":"product_brand","embeddable":true,"href":"https:\/\/www.rojomachines.com\/fi\/wp-json\/wp\/v2\/product_brand?post=7026"},{"taxonomy":"product_cat","embeddable":true,"href":"https:\/\/www.rojomachines.com\/fi\/wp-json\/wp\/v2\/product_cat?post=7026"},{"taxonomy":"product_tag","embeddable":true,"href":"https:\/\/www.rojomachines.com\/fi\/wp-json\/wp\/v2\/product_tag?post=7026"}],"curies":[{"name":"wp","href":"https:\/\/api.w.org\/{rel}","templated":true}]}}