{"id":7027,"date":"2015-10-28T11:58:02","date_gmt":"2015-10-28T09:58:02","guid":{"rendered":"http:\/\/www.rojomachines.com\/product\/rojo-200-lc\/"},"modified":"2020-04-08T13:03:56","modified_gmt":"2020-04-08T10:03:56","slug":"rojo-200-lc","status":"publish","type":"product","link":"https:\/\/www.rojomachines.com\/fi\/tuote\/rojo-200-lc\/","title":{"rendered":"ROJO 200 LC"},"content":{"rendered":"","protected":false},"excerpt":{"rendered":"<p>Rojo 200LC on syyst\u00e4kin meid\u00e4n suosituin sekoitin mallimme. T\u00e4m\u00e4 sekoitin voi tuottaa 1000 litraa valmista betonia tunnissa ja sill\u00e4 on eritt\u00e4in perusteellinen ja tasainen sekoitustulos.<\/p>\n<p><a href=\"http:\/\/www.rojomachines.com\/wp-content\/uploads\/2020\/01\/ROJO-200-LC.pdf\">Esite<\/a><\/p>\n<p><a href=\"http:\/\/www.rojomachines.com\/fi\/tuote\/rojo-200-lc-varaosat\/\" target=\"_blank\" rel=\"noopener noreferrer\">Varaosat<\/a><\/p>\n<p><a href=\"http:\/\/www.rojomachines.com\/wp-content\/uploads\/2015\/10\/Rojo-200LC-Explosion-Image-Complete.pdf\">R\u00e4j\u00e4ytyskuva<\/a><\/p>\n<p>&nbsp;<\/p>\n<p>Pyyd\u00e4 tarjous tai kysy lis\u00e4tietoja: <a href=\"mailto:info@rojomachines.com\">info@rojomachines.com<\/a><\/p>\n","protected":false},"featured_media":5011,"template":"","meta":[],"product_brand":[],"product_cat":[671],"product_tag":[],"class_list":{"0":"post-7027","1":"product","2":"type-product","3":"status-publish","4":"has-post-thumbnail","6":"product_cat-lc-mallit","8":"first","9":"instock","10":"shipping-taxable","11":"product-type-simple"},"_links":{"self":[{"href":"https:\/\/www.rojomachines.com\/fi\/wp-json\/wp\/v2\/product\/7027","targetHints":{"allow":["GET"]}}],"collection":[{"href":"https:\/\/www.rojomachines.com\/fi\/wp-json\/wp\/v2\/product"}],"about":[{"href":"https:\/\/www.rojomachines.com\/fi\/wp-json\/wp\/v2\/types\/product"}],"wp:featuredmedia":[{"embeddable":true,"href":"https:\/\/www.rojomachines.com\/fi\/wp-json\/wp\/v2\/media\/5011"}],"wp:attachment":[{"href":"https:\/\/www.rojomachines.com\/fi\/wp-json\/wp\/v2\/media?parent=7027"}],"wp:term":[{"taxonomy":"product_brand","embeddable":true,"href":"https:\/\/www.rojomachines.com\/fi\/wp-json\/wp\/v2\/product_brand?post=7027"},{"taxonomy":"product_cat","embeddable":true,"href":"https:\/\/www.rojomachines.com\/fi\/wp-json\/wp\/v2\/product_cat?post=7027"},{"taxonomy":"product_tag","embeddable":true,"href":"https:\/\/www.rojomachines.com\/fi\/wp-json\/wp\/v2\/product_tag?post=7027"}],"curies":[{"name":"wp","href":"https:\/\/api.w.org\/{rel}","templated":true}]}}