{"id":7029,"date":"2015-10-28T12:54:53","date_gmt":"2015-10-28T10:54:53","guid":{"rendered":"http:\/\/www.rojomachines.com\/product\/rojo-230\/"},"modified":"2020-04-08T13:10:09","modified_gmt":"2020-04-08T10:10:09","slug":"rojo-230","status":"publish","type":"product","link":"https:\/\/www.rojomachines.com\/fi\/tuote\/rojo-230\/","title":{"rendered":"ROJO 230"},"content":{"rendered":"","protected":false},"excerpt":{"rendered":"<p>Rojo 230 on yksi suosituimmista sekoittimistamme ja sopii erinomaisesti suurempien m\u00e4\u00e4rien sekoittamiseen rakennusty\u00f6maalla. Sekoitin on eritt\u00e4in tehokas ja sill\u00e4 on todella perusteellinen ja tasainen sekoitustulos.<\/p>\n<p>&nbsp;<\/p>\n<p><a href=\"http:\/\/www.rojomachines.com\/wp-content\/uploads\/2020\/02\/ROJO-230-ENG.pdf\">Esite<\/a><\/p>\n<p><a href=\"http:\/\/www.rojomachines.com\/fi\/tuote\/rojo-230-varaosat\/\" target=\"_blank\" rel=\"noopener noreferrer\">Varaosat<\/a><\/p>\n<p><a href=\"http:\/\/www.rojomachines.com\/\/wp-content\/uploads\/2015\/10\/Rojo-230-parts-comp.pdf\" target=\"_blank\" rel=\"noopener noreferrer\">R\u00e4j\u00e4ytyskuva<\/a><\/p>\n<p>&nbsp;<\/p>\n<p>Pyyd\u00e4 tarjous tai kysy lis\u00e4tietoja: <a href=\"mailto:info@rojomachines.com\">info@rojomachines.com<\/a><\/p>\n","protected":false},"featured_media":3971,"template":"","meta":[],"product_brand":[],"product_cat":[661],"product_tag":[],"class_list":{"0":"post-7029","1":"product","2":"type-product","3":"status-publish","4":"has-post-thumbnail","6":"product_cat-rakennusmallit-fi","8":"first","9":"instock","10":"shipping-taxable","11":"product-type-simple"},"_links":{"self":[{"href":"https:\/\/www.rojomachines.com\/fi\/wp-json\/wp\/v2\/product\/7029","targetHints":{"allow":["GET"]}}],"collection":[{"href":"https:\/\/www.rojomachines.com\/fi\/wp-json\/wp\/v2\/product"}],"about":[{"href":"https:\/\/www.rojomachines.com\/fi\/wp-json\/wp\/v2\/types\/product"}],"wp:featuredmedia":[{"embeddable":true,"href":"https:\/\/www.rojomachines.com\/fi\/wp-json\/wp\/v2\/media\/3971"}],"wp:attachment":[{"href":"https:\/\/www.rojomachines.com\/fi\/wp-json\/wp\/v2\/media?parent=7029"}],"wp:term":[{"taxonomy":"product_brand","embeddable":true,"href":"https:\/\/www.rojomachines.com\/fi\/wp-json\/wp\/v2\/product_brand?post=7029"},{"taxonomy":"product_cat","embeddable":true,"href":"https:\/\/www.rojomachines.com\/fi\/wp-json\/wp\/v2\/product_cat?post=7029"},{"taxonomy":"product_tag","embeddable":true,"href":"https:\/\/www.rojomachines.com\/fi\/wp-json\/wp\/v2\/product_tag?post=7029"}],"curies":[{"name":"wp","href":"https:\/\/api.w.org\/{rel}","templated":true}]}}