{"id":7036,"date":"2015-10-30T13:05:01","date_gmt":"2015-10-30T11:05:01","guid":{"rendered":"http:\/\/www.rojomachines.com\/product\/rojo-130-varaosat\/"},"modified":"2020-04-08T13:12:41","modified_gmt":"2020-04-08T10:12:41","slug":"rojo-130-varaosat","status":"publish","type":"product","link":"https:\/\/www.rojomachines.com\/fi\/tuote\/rojo-130-varaosat\/","title":{"rendered":"ROJO 130 Varaosat"},"content":{"rendered":"","protected":false},"excerpt":{"rendered":"<p>Jos et l\u00f6yd\u00e4 etsim\u00e4\u00e4si varaosaa, <a href=\"http:\/\/www.rojomachines.com\/fi\/ota-yhteytta\/\">ota meihin yhteytt\u00e4.<\/a><\/p>\n<table style=\"height: 474px;\" width=\"554\">\n<tbody>\n<tr>\n<td width=\"74\">Artikkeli no<\/td>\n<td width=\"103\">Tuotekoodi<\/td>\n<td width=\"272\">Kuvaus<\/td>\n<\/tr>\n<tr>\n<td>2<\/td>\n<td>340060<\/td>\n<td>Sis\u00e4kulutuspelti<\/td>\n<\/tr>\n<tr>\n<td>3<\/td>\n<td>340188<\/td>\n<td>Ulkokulutuslaita<\/td>\n<\/tr>\n<tr>\n<td>4<\/td>\n<td>360045<\/td>\n<td>Pohjan kulutuslevy sis.luukun<\/td>\n<\/tr>\n<tr>\n<td width=\"74\">6<\/td>\n<td width=\"103\">360017<\/td>\n<td>Moottori ja vaihteisto -paketti<\/td>\n<\/tr>\n<tr>\n<td>13<\/td>\n<td>340195<\/td>\n<td>Sis\u00e4lavan varsi<\/td>\n<\/tr>\n<tr>\n<td>14<\/td>\n<td>330130<\/td>\n<td>Sis\u00e4lapa<\/td>\n<\/tr>\n<tr>\n<td>15<\/td>\n<td>340198<\/td>\n<td>V\u00e4lilavan varsi<\/td>\n<\/tr>\n<tr>\n<td width=\"74\">16<\/td>\n<td width=\"103\">330072<\/td>\n<td>V\u00e4lilapa<\/td>\n<\/tr>\n<tr>\n<td width=\"74\">17<\/td>\n<td width=\"103\">340200<\/td>\n<td>Ulkolavan varsi<\/td>\n<\/tr>\n<tr>\n<td>18<\/td>\n<td>330133<\/td>\n<td>Ulkolapa<\/td>\n<\/tr>\n<tr>\n<td>20<\/td>\n<td>390028<\/td>\n<td>Lasikuitukansi, yhdell\u00e4 yhteell\u00e4.<\/td>\n<\/tr>\n<tr>\n<td>25<\/td>\n<td>320002<\/td>\n<td>K\u00e4ynnistin (400 V 50 Hz)<\/td>\n<\/tr>\n<tr>\n<td>27<\/td>\n<td>320014<\/td>\n<td>Rajakytkin<\/td>\n<\/tr>\n<\/tbody>\n<\/table>\n<p><a href=\"http:\/\/www.rojomachines.com\/\/wp-content\/uploads\/2015\/10\/Rojo-130LC-parts-comp1.pdf\" target=\"_blank\" rel=\"noopener noreferrer\">R\u00e4j\u00e4ytyskuva<\/a><\/p>\n","protected":false},"featured_media":6201,"template":"","meta":[],"product_brand":[],"product_cat":[681],"product_tag":[],"class_list":{"0":"post-7036","1":"product","2":"type-product","3":"status-publish","4":"has-post-thumbnail","6":"product_cat-varaosat","8":"first","9":"instock","10":"shipping-taxable","11":"product-type-simple"},"_links":{"self":[{"href":"https:\/\/www.rojomachines.com\/fi\/wp-json\/wp\/v2\/product\/7036","targetHints":{"allow":["GET"]}}],"collection":[{"href":"https:\/\/www.rojomachines.com\/fi\/wp-json\/wp\/v2\/product"}],"about":[{"href":"https:\/\/www.rojomachines.com\/fi\/wp-json\/wp\/v2\/types\/product"}],"wp:featuredmedia":[{"embeddable":true,"href":"https:\/\/www.rojomachines.com\/fi\/wp-json\/wp\/v2\/media\/6201"}],"wp:attachment":[{"href":"https:\/\/www.rojomachines.com\/fi\/wp-json\/wp\/v2\/media?parent=7036"}],"wp:term":[{"taxonomy":"product_brand","embeddable":true,"href":"https:\/\/www.rojomachines.com\/fi\/wp-json\/wp\/v2\/product_brand?post=7036"},{"taxonomy":"product_cat","embeddable":true,"href":"https:\/\/www.rojomachines.com\/fi\/wp-json\/wp\/v2\/product_cat?post=7036"},{"taxonomy":"product_tag","embeddable":true,"href":"https:\/\/www.rojomachines.com\/fi\/wp-json\/wp\/v2\/product_tag?post=7036"}],"curies":[{"name":"wp","href":"https:\/\/api.w.org\/{rel}","templated":true}]}}