{"id":7038,"date":"2015-11-02T13:29:38","date_gmt":"2015-11-02T11:29:38","guid":{"rendered":"http:\/\/www.rojomachines.com\/product\/rojo-minimax-varasat\/"},"modified":"2020-04-08T13:14:53","modified_gmt":"2020-04-08T10:14:53","slug":"rojo-minimax-varaosat","status":"publish","type":"product","link":"https:\/\/www.rojomachines.com\/fi\/tuote\/rojo-minimax-varaosat\/","title":{"rendered":"ROJO Minimax Varaosat"},"content":{"rendered":"","protected":false},"excerpt":{"rendered":"<p>Jos et l\u00f6yd\u00e4 etsim\u00e4\u00e4si osaa, <a href=\"http:\/\/www.rojomachines.com\/fi\/ota-yhteytta\/\">ota meihin yhteytt\u00e4.<\/a><\/p>\n<table style=\"height: 324px;\" width=\"496\">\n<tbody>\n<tr>\n<td width=\"78\">Artikkeli No<\/td>\n<td width=\"103\">Tuotekoodi<\/td>\n<td width=\"189\">Kuvaus<\/td>\n<\/tr>\n<tr>\n<td width=\"78\">2<\/td>\n<td width=\"103\">360037<\/td>\n<td>Moottori ja vaihteisto -paketti<\/td>\n<\/tr>\n<tr>\n<td>3<\/td>\n<td>360038<\/td>\n<td>Rajakytkin<\/td>\n<\/tr>\n<tr>\n<td width=\"78\">4<\/td>\n<td width=\"103\">360039<\/td>\n<td>Allas<\/td>\n<\/tr>\n<tr>\n<td>5<\/td>\n<td>360040<\/td>\n<td>Kansi<\/td>\n<\/tr>\n<tr>\n<td>6<\/td>\n<td>320008<\/td>\n<td>K\u00e4ynnistin<\/td>\n<\/tr>\n<tr>\n<td>11<\/td>\n<td>360042<\/td>\n<td>Silta<\/td>\n<\/tr>\n<tr>\n<td>12<\/td>\n<td>330120<\/td>\n<td>Lapa<\/td>\n<\/tr>\n<tr>\n<td width=\"78\">16<\/td>\n<td width=\"103\">350021<\/td>\n<td>Laakeri<\/td>\n<\/tr>\n<\/tbody>\n<\/table>\n<p><a href=\"http:\/\/www.rojomachines.com\/\/wp-content\/uploads\/2015\/11\/Rojo-Minimax-parts-comp.pdf\" target=\"_blank\" rel=\"noopener noreferrer\">R\u00e4j\u00e4ytyskuva<\/a><\/p>\n","protected":false},"featured_media":6081,"template":"","meta":[],"product_brand":[],"product_cat":[681],"product_tag":[],"class_list":{"0":"post-7038","1":"product","2":"type-product","3":"status-publish","4":"has-post-thumbnail","6":"product_cat-varaosat","8":"first","9":"instock","10":"shipping-taxable","11":"product-type-simple"},"_links":{"self":[{"href":"https:\/\/www.rojomachines.com\/fi\/wp-json\/wp\/v2\/product\/7038","targetHints":{"allow":["GET"]}}],"collection":[{"href":"https:\/\/www.rojomachines.com\/fi\/wp-json\/wp\/v2\/product"}],"about":[{"href":"https:\/\/www.rojomachines.com\/fi\/wp-json\/wp\/v2\/types\/product"}],"wp:featuredmedia":[{"embeddable":true,"href":"https:\/\/www.rojomachines.com\/fi\/wp-json\/wp\/v2\/media\/6081"}],"wp:attachment":[{"href":"https:\/\/www.rojomachines.com\/fi\/wp-json\/wp\/v2\/media?parent=7038"}],"wp:term":[{"taxonomy":"product_brand","embeddable":true,"href":"https:\/\/www.rojomachines.com\/fi\/wp-json\/wp\/v2\/product_brand?post=7038"},{"taxonomy":"product_cat","embeddable":true,"href":"https:\/\/www.rojomachines.com\/fi\/wp-json\/wp\/v2\/product_cat?post=7038"},{"taxonomy":"product_tag","embeddable":true,"href":"https:\/\/www.rojomachines.com\/fi\/wp-json\/wp\/v2\/product_tag?post=7038"}],"curies":[{"name":"wp","href":"https:\/\/api.w.org\/{rel}","templated":true}]}}