{"id":7039,"date":"2015-11-04T13:07:44","date_gmt":"2015-11-04T11:07:44","guid":{"rendered":"http:\/\/www.rojomachines.com\/product\/rojo-50-tm-varaosat\/"},"modified":"2020-04-08T13:15:11","modified_gmt":"2020-04-08T10:15:11","slug":"rojo-50-tm-varaosat","status":"publish","type":"product","link":"https:\/\/www.rojomachines.com\/fi\/tuote\/rojo-50-tm-varaosat\/","title":{"rendered":"ROJO 50 TM Varaosat"},"content":{"rendered":"","protected":false},"excerpt":{"rendered":"<p>Jos et l\u00f6yd\u00e4 etsim\u00e4\u00e4si varaosaa, <a href=\"http:\/\/www.rojomachines.com\/fi\/ota-yhteytta\/\">ota meihin yhteytt\u00e4.<\/a><\/p>\n<table style=\"height: 209px;\" width=\"466\">\n<tbody>\n<tr>\n<td width=\"74\">Artikkeli No<\/td>\n<td width=\"103\">Tuotekoodi<\/td>\n<td width=\"189\">Kuvaus<\/td>\n<\/tr>\n<tr>\n<td width=\"74\">2<\/td>\n<td width=\"103\">360011<\/td>\n<td>Allas<\/td>\n<\/tr>\n<tr>\n<td width=\"74\">4<\/td>\n<td width=\"103\">360013<\/td>\n<td>Moottori ja vaihteisto -paketti<\/td>\n<\/tr>\n<tr>\n<td width=\"74\">5<\/td>\n<td width=\"103\">360021<\/td>\n<td>Vispil\u00e4<\/td>\n<\/tr>\n<tr>\n<td>7<\/td>\n<td>320000<\/td>\n<td>K\u00e4ynnistin (400 V 50 Hz)<\/td>\n<\/tr>\n<tr>\n<td>9<\/td>\n<td>390002<\/td>\n<td>Py\u00f6r\u00e4<\/td>\n<\/tr>\n<\/tbody>\n<\/table>\n<p><a href=\"http:\/\/www.rojomachines.com\/\/wp-content\/uploads\/2015\/10\/Rojo-50TM-Mixer-Parts-compl.pdf\" target=\"_blank\" rel=\"noopener noreferrer\">R\u00e4j\u00e4ytyskuva<\/a><\/p>\n","protected":false},"featured_media":6221,"template":"","meta":[],"product_brand":[],"product_cat":[681],"product_tag":[],"class_list":{"0":"post-7039","1":"product","2":"type-product","3":"status-publish","4":"has-post-thumbnail","6":"product_cat-varaosat","8":"first","9":"instock","10":"shipping-taxable","11":"product-type-simple"},"_links":{"self":[{"href":"https:\/\/www.rojomachines.com\/fi\/wp-json\/wp\/v2\/product\/7039","targetHints":{"allow":["GET"]}}],"collection":[{"href":"https:\/\/www.rojomachines.com\/fi\/wp-json\/wp\/v2\/product"}],"about":[{"href":"https:\/\/www.rojomachines.com\/fi\/wp-json\/wp\/v2\/types\/product"}],"wp:featuredmedia":[{"embeddable":true,"href":"https:\/\/www.rojomachines.com\/fi\/wp-json\/wp\/v2\/media\/6221"}],"wp:attachment":[{"href":"https:\/\/www.rojomachines.com\/fi\/wp-json\/wp\/v2\/media?parent=7039"}],"wp:term":[{"taxonomy":"product_brand","embeddable":true,"href":"https:\/\/www.rojomachines.com\/fi\/wp-json\/wp\/v2\/product_brand?post=7039"},{"taxonomy":"product_cat","embeddable":true,"href":"https:\/\/www.rojomachines.com\/fi\/wp-json\/wp\/v2\/product_cat?post=7039"},{"taxonomy":"product_tag","embeddable":true,"href":"https:\/\/www.rojomachines.com\/fi\/wp-json\/wp\/v2\/product_tag?post=7039"}],"curies":[{"name":"wp","href":"https:\/\/api.w.org\/{rel}","templated":true}]}}