{"id":7042,"date":"2019-09-16T13:25:30","date_gmt":"2019-09-16T10:25:30","guid":{"rendered":"http:\/\/www.rojomachines.com\/product\/rojo-siilo-2-m%c2%b3\/"},"modified":"2020-04-08T13:16:04","modified_gmt":"2020-04-08T10:16:04","slug":"rojo-siilo-2-m%c2%b3","status":"publish","type":"product","link":"https:\/\/www.rojomachines.com\/fi\/tuote\/rojo-siilo-2-m%c2%b3\/","title":{"rendered":"Rojo Siilo 2 m\u00b3"},"content":{"rendered":"","protected":false},"excerpt":{"rendered":"<p>Rojo Silo 2,0 m\u00b3 on varustettu s\u00e4kkileikkurilla ja kuljetusruuvilla. Siilo on tarkoitettu t\u00e4ytett\u00e4v\u00e4ksi 500 &#8211; 1000 kg suurs\u00e4keill\u00e4. Siilon suunnittelussa on pyritty minimoimaan vapautuvan p\u00f6lyn m\u00e4\u00e4r\u00e4. Tukkeutumisen est\u00e4miseksi siilo on varustettu t\u00e4ryttimell\u00e4 ja irroitettavalla metalliristikolla.<\/p>\n<p>Toimii erinomaisesti yhdess\u00e4 muiden Rojo-tuotteiden kanssa.<\/p>\n<p>&nbsp;<\/p>\n<p><a href=\"http:\/\/www.rojomachines.com\/wp-content\/uploads\/2020\/01\/ROJO-SIILO.pdf\">Esite<\/a><\/p>\n<p>Pyyd\u00e4 tarjous tai kysy lis\u00e4tietoja: <a href=\"mailto:info@rojomachines.com\">info@rojomachines.com<\/a><\/p>\n","protected":false},"featured_media":6872,"template":"","meta":[],"product_brand":[],"product_cat":[1578],"product_tag":[],"class_list":{"0":"post-7042","1":"product","2":"type-product","3":"status-publish","4":"has-post-thumbnail","6":"product_cat-siilot","8":"first","9":"instock","10":"shipping-taxable","11":"product-type-simple"},"_links":{"self":[{"href":"https:\/\/www.rojomachines.com\/fi\/wp-json\/wp\/v2\/product\/7042","targetHints":{"allow":["GET"]}}],"collection":[{"href":"https:\/\/www.rojomachines.com\/fi\/wp-json\/wp\/v2\/product"}],"about":[{"href":"https:\/\/www.rojomachines.com\/fi\/wp-json\/wp\/v2\/types\/product"}],"wp:featuredmedia":[{"embeddable":true,"href":"https:\/\/www.rojomachines.com\/fi\/wp-json\/wp\/v2\/media\/6872"}],"wp:attachment":[{"href":"https:\/\/www.rojomachines.com\/fi\/wp-json\/wp\/v2\/media?parent=7042"}],"wp:term":[{"taxonomy":"product_brand","embeddable":true,"href":"https:\/\/www.rojomachines.com\/fi\/wp-json\/wp\/v2\/product_brand?post=7042"},{"taxonomy":"product_cat","embeddable":true,"href":"https:\/\/www.rojomachines.com\/fi\/wp-json\/wp\/v2\/product_cat?post=7042"},{"taxonomy":"product_tag","embeddable":true,"href":"https:\/\/www.rojomachines.com\/fi\/wp-json\/wp\/v2\/product_tag?post=7042"}],"curies":[{"name":"wp","href":"https:\/\/api.w.org\/{rel}","templated":true}]}}