{"id":7043,"date":"2020-02-21T12:30:40","date_gmt":"2020-02-21T10:30:40","guid":{"rendered":"http:\/\/www.rojomachines.com\/product\/rojo-ahjo-250\/"},"modified":"2020-07-14T13:38:10","modified_gmt":"2020-07-14T10:38:10","slug":"rojo-ahjo-250","status":"publish","type":"product","link":"https:\/\/www.rojomachines.com\/fi\/tuote\/rojo-ahjo-250\/","title":{"rendered":"Rojo Ahjo 250"},"content":{"rendered":"","protected":false},"excerpt":{"rendered":"<p>Rojo 250 -ahjo on t\u00e4ydellinen ratkaisu pieness\u00e4 tilassa teht\u00e4v\u00e4\u00e4n metallin kuumentamiseen. Se saavuttaa taonnan l\u00e4mp\u00f6tilat ja on helppo ja turvallinen k\u00e4ytt\u00e4\u00e4.<\/p>\n<p>Rojo 250 -ahjo on varustettu erityisell\u00e4 polttimella, jolla s\u00e4\u00e4det\u00e4\u00e4n ilman m\u00e4\u00e4r\u00e4\u00e4. Kaasun virtausta s\u00e4\u00e4telee kaasupulloon kiinnitett\u00e4v\u00e4 s\u00e4\u00e4din.<\/p>\n<p>&nbsp;<\/p>\n<p><a href=\"http:\/\/www.rojomachines.com\/wp-content\/uploads\/2020\/07\/ROJO-AHJO-250.pdf\">Esite<\/a><\/p>\n<p>Pyyd\u00e4 tarjous tai kysy lis\u00e4tietoja: <a href=\"mailto:info@rojomachines.com\">info@rojomachines.com<\/a><\/p>\n","protected":false},"featured_media":6949,"template":"","meta":[],"product_brand":[],"product_cat":[1579],"product_tag":[],"class_list":{"0":"post-7043","1":"product","2":"type-product","3":"status-publish","4":"has-post-thumbnail","6":"product_cat-rojo-ahjot","8":"first","9":"instock","10":"shipping-taxable","11":"product-type-simple"},"_links":{"self":[{"href":"https:\/\/www.rojomachines.com\/fi\/wp-json\/wp\/v2\/product\/7043","targetHints":{"allow":["GET"]}}],"collection":[{"href":"https:\/\/www.rojomachines.com\/fi\/wp-json\/wp\/v2\/product"}],"about":[{"href":"https:\/\/www.rojomachines.com\/fi\/wp-json\/wp\/v2\/types\/product"}],"wp:featuredmedia":[{"embeddable":true,"href":"https:\/\/www.rojomachines.com\/fi\/wp-json\/wp\/v2\/media\/6949"}],"wp:attachment":[{"href":"https:\/\/www.rojomachines.com\/fi\/wp-json\/wp\/v2\/media?parent=7043"}],"wp:term":[{"taxonomy":"product_brand","embeddable":true,"href":"https:\/\/www.rojomachines.com\/fi\/wp-json\/wp\/v2\/product_brand?post=7043"},{"taxonomy":"product_cat","embeddable":true,"href":"https:\/\/www.rojomachines.com\/fi\/wp-json\/wp\/v2\/product_cat?post=7043"},{"taxonomy":"product_tag","embeddable":true,"href":"https:\/\/www.rojomachines.com\/fi\/wp-json\/wp\/v2\/product_tag?post=7043"}],"curies":[{"name":"wp","href":"https:\/\/api.w.org\/{rel}","templated":true}]}}